{"id":20260,"date":"2025-01-16T16:51:04","date_gmt":"2025-01-16T16:51:04","guid":{"rendered":"https:\/\/www2.umaps.hn\/?page_id=20260"},"modified":"2025-01-22T20:57:00","modified_gmt":"2025-01-22T20:57:00","slug":"requisitos-comercial","status":"publish","type":"page","link":"https:\/\/www2.umaps.hn\/?page_id=20260","title":{"rendered":"Requisitos-Comercial"},"content":{"rendered":"\t\t<div data-elementor-type=\"wp-page\" data-elementor-id=\"20260\" class=\"elementor elementor-20260\">\n\t\t\t\t<div class=\"elementor-element elementor-element-247538b e-flex e-con-boxed e-con e-parent\" data-id=\"247538b\" data-element_type=\"container\">\n\t\t\t\t\t<div class=\"e-con-inner\">\n\t\t\t\t<div class=\"elementor-element elementor-element-279abca kurigram-star-rating--align-center elementor-widget elementor-widget-witr_section_title\" data-id=\"279abca\" data-element_type=\"widget\" data-widget_type=\"witr_section_title.default\">\n\t\t\t\t<div class=\"elementor-widget-container\">\n\t\t\t\t\t\t\t\t\t\t<!-- title center -->\n\t\t\t\t\t<div class=\"witr_section_title\">\n\t\t\t\t\t\t<div class=\"witr_section_title_inner text-center\">\n\t\t\t\t\t\t\n\t\t\t\t\t\t\t<!--<div class=\"witr_title_lines\"><span class=\"witr_line_shaps\"><span class=\"witr_shape_dv\">Divider <i aria-hidden=\"true\" class=\"fas fa-star\"><\/i><\/span><\/span><\/div>-->\n\t\t\t\t\t\t\t<!-- icon position -->\n\t\t\t\t\t\t\t\t\n\t\t\t\t\t\t\t<!-- end icon position -->\n\t\t\t\t\t\t\t\n\t\t\t\t\t\t\n\t\t\t\t\t\t\t<!-- title top -->\n\t\t\t\t\t\t\t\t\t\t\t\t\t\t\t<h2>UMAPS<\/h2>\t\t\n\t\t\t\t\t\t\t\n\n\t\t\t\t\t\t\t<!-- icon position -->\n\t\t\t\t\t\t\t\t\n\t\t\t\t\t\t\t<!-- end icon position -->\n\n\n\t\t\t\t\t\t\t\n\t\t\t\t\t\t\t<!-- title middle -->\n\t\t\t\t\t\t\t\t\t\t\t\t\t\t\t<h3>Requisitos<\/h3>\t\t\n\t\t\t\t\t\t\t\t\t\t\t\t\t\t<!-- title bottom -->\n\t\t\t\t\t\t\t\n\t\t\t\t\t\t\t\n\t\t\t\t\t\t\t\n\t\t\t\t\t\t\t\t\t\t\t\t\t\t\n\t\t\t\t\t\t\t<!-- image -->\n\t\t\t\t\t\t\t\t\t\t\t\t\t\t<!-- icon -->\n\t\t\t\t\t\t\t\t\t\t\t\t\t\t\n\t\t\t\t\t\t\t<!-- bar -->\n\t\t\t\t\t\t\t\t\t\t\t\t\t\t\n\t\t\t\t\t\t\t\t<div class=\"witr_bar_main\">\n\t\t\t\t\t\t\t\t\t<div class=\"witr_bar_inner\">\n\t\t\t\t\t\t\t\t\t<\/div>\n\t\t\t\t\t\t\t\t<\/div>\n\t\t\t\t\t\t\t\t\t\t\t\t\t\t<!-- circle bar -->\n\t\t\t\t\t\t\t\t\t\t\t\t\t\t\n\t\t\t\t\t\t\t\t\n\t\t\t\t\t\t\t\n\n\t\t\t\t\t\t\t\n\t\t\t\t\t\t\t<!-- content -->\n\t\t\t\t\t\t\t\t\t\t\t\t\t\t\t<p>Para mas Informaci\u00f3n Tel:2237-8554 \/2237-5520 \/ 9410-4879 <\/p>\t\t\n\t\t\t\t\t\t\t\t\t\t\t\t\t\t\n\t\t\t\t\t\t<\/div>\n\t\t\t\t\t\t\t<!-- inner title -->\n\t\t\t\t\t\t\t\t\t\t\t\t\t\n\t\t\t\t\t<\/div>\n\n\t\t\t\t\t\t\t\t<\/div>\n\t\t\t\t<\/div>\n\t\t\t\t\t<\/div>\n\t\t\t\t<\/div>\n\t\t<div class=\"elementor-element elementor-element-a8a5ebb e-flex e-con-boxed e-con e-parent\" data-id=\"a8a5ebb\" data-element_type=\"container\">\n\t\t\t\t\t<div class=\"e-con-inner\">\n\t\t\t\t<div class=\"elementor-element elementor-element-a37a1ac elementor-widget elementor-widget-witr_ac_cl\" data-id=\"a37a1ac\" data-element_type=\"widget\" data-widget_type=\"witr_ac_cl.default\">\n\t\t\t\t<div class=\"elementor-widget-container\">\n\t\t\t\t\t                <div class=\"accordion_area\">\n                    <div class=\"faq-part\">\n                        <div id=\"accordion\">\n\t\t\t\t\t\t\t\t\t\t\t\t\t\t\t<div class=\"card card-2  \">\n\t\t\t\t\t\t\t\t\t<div class=\"card-header witr_ac_card\">\n\t\t\t\t\t\t\t\t\t\t<a href=\"#\" class=\"card-link witr_ac_style\" data-toggle=\"collapse\" data-target=\"#collapse_8b80b6f\" aria-expanded=\"true\">\n\t\t\t\t\t\t\t\t\t\t\t\t<!-- icon -->\n\t\t\t\t\t\t\t\t\t\t\t\t<i aria-hidden=\"true\" class=\"fas fa-check\"><\/i>\t\t\t\t\t\n\t\t\t\t\t\t\t\t\t\t\t\t<!-- end icon -->\n\t\t\t\t\t\t\t\t\t\t   CONSTANCIA DE SOLVENCIA PARA FACTIBILIDAD PARA AGUA POTABLE Y ALCANTARILLADO\t\t\t\t\t\t\t\t\t\t<\/a>\n\t\t\t\t\t\t\t\t\t<\/div>\n\n\t\t\t\t\t\t\t\t\t<div id=\"collapse_8b80b6f\" class=\"collapse    \" data-parent=\"#accordion\">\n                                        <ol><li>Clave catastral bienes e inmuebles A.M.D.C<\/li><li>Croquis de ubicaci\u00f3n<\/li><li>Copia de identidad due\u00f1o o representante legal si es compa\u00f1ia<\/li><li>Pago de L239.00<\/li><li>Copia de identidad de la persona que viene a tramite<\/li><\/ol>\t\t\t\t\t\t\t\t\t\t\n\t\t\t\t\t\t\t\t\t<\/div>\n\t\t\t\t\t\t\t\t<\/div> <!-- card -->\t\n\t\t\t\t\t\t\t\t\t\t\t\t\t\t\t<div class=\"card card-2  \">\n\t\t\t\t\t\t\t\t\t<div class=\"card-header witr_ac_card\">\n\t\t\t\t\t\t\t\t\t\t<a href=\"#\" class=\"card-link witr_ac_style\" data-toggle=\"collapse\" data-target=\"#collapse_c3a48fd\" aria-expanded=\"true\">\n\t\t\t\t\t\t\t\t\t\t\t\t<!-- icon -->\n\t\t\t\t\t\t\t\t\t\t\t\t<i aria-hidden=\"true\" class=\"fas fa-check\"><\/i>\t\t\t\t\t\n\t\t\t\t\t\t\t\t\t\t\t\t<!-- end icon -->\n\t\t\t\t\t\t\t\t\t\t   SOLICITUD PARA NUEVOS DERECHOS, PARA AGUA POTABLE Y ALCANTARILLADO\t\t\t\t\t\t\t\t\t\t<\/a>\n\t\t\t\t\t\t\t\t\t<\/div>\n\n\t\t\t\t\t\t\t\t\t<div id=\"collapse_c3a48fd\" class=\"collapse    \" data-parent=\"#accordion\">\n                                        <ol><li>Nota Solicitando la Reactivacion de la Cuenta Comercial <b>(En caso que el Inmueble tenga un nuevo Due\u00f1o Solicitar Copia de Escritura de Nuevo Propietario).<\/b><\/li><li>Copia de Tarjeta de Identidad.<\/li><li>Croquis de ubicaci\u00f3n<\/li><li>Realizar el pago total del saldo de cuenta UMAPS<b>\u00a0(si la cuenta a reactivar tiene deuda pendiente)<\/b><\/li><li>Copia de clave catastral de A.M.D.C,<b>\u00a0(estado de cuanta de bienes inmuebles)<\/b><\/li><li>En caso de no ser el propietario quien realiza el tr\u00e1mite, deber\u00e1 presentar carta poder debidamente autenticada por el notario y copia de identidad de quien realiza el tr\u00e1mite y el propietario.<\/li><\/ol>\t\t\t\t\t\t\t\t\t\t\n\t\t\t\t\t\t\t\t\t<\/div>\n\t\t\t\t\t\t\t\t<\/div> <!-- card -->\t\n\t\t\t\t\t\t\t\t\t\t\t\t\t\t\t<div class=\"card card-2  \">\n\t\t\t\t\t\t\t\t\t<div class=\"card-header witr_ac_card\">\n\t\t\t\t\t\t\t\t\t\t<a href=\"#\" class=\"card-link witr_ac_style\" data-toggle=\"collapse\" data-target=\"#collapse_e689c75\" aria-expanded=\"true\">\n\t\t\t\t\t\t\t\t\t\t\t\t<!-- icon -->\n\t\t\t\t\t\t\t\t\t\t\t\t<i aria-hidden=\"true\" class=\"fas fa-check\"><\/i>\t\t\t\t\t\n\t\t\t\t\t\t\t\t\t\t\t\t<!-- end icon -->\n\t\t\t\t\t\t\t\t\t\t   PROCESO PARA SOLICITAR CORTE TEMPORAL PARA AGUA POTABLE Y ALCANTARILLADO\t\t\t\t\t\t\t\t\t\t<\/a>\n\t\t\t\t\t\t\t\t\t<\/div>\n\n\t\t\t\t\t\t\t\t\t<div id=\"collapse_e689c75\" class=\"collapse    \" data-parent=\"#accordion\">\n                                        <ol><li>\u00a0Nota solicitando el corte.<\/li><li>Copia de identidad.<\/li><li>Croquis de ubicaci\u00f3n.<\/li><li><b>En caso de no ser propietario quien realiza el tr\u00e1mite, <\/b>deber\u00e1 presentar carta poder debidamente autenticada por el notario y copia de identidad de quien realiza el tr\u00e1mite y del propietario<\/li><li>Recibo del agua al dia.<\/li><li><b>Copia de clave catastral de A.M.D.C<\/b>\u00a0(estado de cuentas de bienes inmuebles) .<\/li><\/ol>\t\t\t\t\t\t\t\t\t\t\n\t\t\t\t\t\t\t\t\t<\/div>\n\t\t\t\t\t\t\t\t<\/div> <!-- card -->\t\n\t\t\t\t\t\t\t\t\t\t\t\t\t\t\t<div class=\"card card-2  \">\n\t\t\t\t\t\t\t\t\t<div class=\"card-header witr_ac_card\">\n\t\t\t\t\t\t\t\t\t\t<a href=\"#\" class=\"card-link witr_ac_style\" data-toggle=\"collapse\" data-target=\"#collapse_8670b81\" aria-expanded=\"true\">\n\t\t\t\t\t\t\t\t\t\t\t\t<!-- icon -->\n\t\t\t\t\t\t\t\t\t\t\t\t<i aria-hidden=\"true\" class=\"fas fa-check\"><\/i>\t\t\t\t\t\n\t\t\t\t\t\t\t\t\t\t\t\t<!-- end icon -->\n\t\t\t\t\t\t\t\t\t\t   SOLICITUD PARA INDEPENDIZACION DEL SERVICIO DE AGUA POTABLE Y SANIAMIENTO\t\t\t\t\t\t\t\t\t\t<\/a>\n\t\t\t\t\t\t\t\t\t<\/div>\n\n\t\t\t\t\t\t\t\t\t<div id=\"collapse_8670b81\" class=\"collapse    \" data-parent=\"#accordion\">\n                                        <ol type=\"1\"><li>Copia de escrituras de la propiedad (con sus respectivos sellos del instituto de la propiedad, en caso que el inmueble est\u00e9 hipotecado deber\u00e1 presentar constancia del banco y protocolo inscrito en el IP).<\/li><li>Copia de tarjeta de identidad del propietario.<\/li><li>Copia de clave catastral de A.M.D.C (estado de cuenta de bienes inmuebles)<\/li><li>Recibo del dia de la Cuenta principal<\/li><li>Croquis de ubicacion del inmueble.<\/li><li>Copia de identidad de la persona que realiza el tr\u00e1mite, (de no ser propietario quien realiza el tr\u00e1mite, deber\u00e1 presentar carta poder debidamente autenticada por el notario) deber\u00e1 presentar carta poder debidamente auten(estado de cuentas de bienes inmuebles) .<\/li><\/ol><p><b>SI ES NEGOCIO DEBE INCLUIR:<\/b><\/p><ol><li>Poder de representaci\u00f3n<\/li><li>Escritura de constituci\u00f3n<\/li><li>Identidad del representante legal<\/li><li>Copia de clave A.M.D.C<\/li><li>Identidad del apoderado legal<\/li><li>Copia del carnet Colegio de Abogados de Honduras vigente<\/li><\/ol>\t\t\t\t\t\t\t\t\t\t\n\t\t\t\t\t\t\t\t\t<\/div>\n\t\t\t\t\t\t\t\t<\/div> <!-- card -->\t\n\t\t\t\t\t\t\t\t\t\t\t\t\t\t\t<div class=\"card card-2  \">\n\t\t\t\t\t\t\t\t\t<div class=\"card-header witr_ac_card\">\n\t\t\t\t\t\t\t\t\t\t<a href=\"#\" class=\"card-link witr_ac_style\" data-toggle=\"collapse\" data-target=\"#collapse_0c5f8a8\" aria-expanded=\"true\">\n\t\t\t\t\t\t\t\t\t\t\t\t<!-- icon -->\n\t\t\t\t\t\t\t\t\t\t\t\t<i aria-hidden=\"true\" class=\"fas fa-check\"><\/i>\t\t\t\t\t\n\t\t\t\t\t\t\t\t\t\t\t\t<!-- end icon -->\n\t\t\t\t\t\t\t\t\t\t   SOLICITUD PARA CAMBIO DE NOMBRE DEL SERVICIO DE AGUA POTABLE Y SANIAMIENTO\t\t\t\t\t\t\t\t\t\t<\/a>\n\t\t\t\t\t\t\t\t\t<\/div>\n\n\t\t\t\t\t\t\t\t\t<div id=\"collapse_0c5f8a8\" class=\"collapse    \" data-parent=\"#accordion\">\n                                        <ol type=\"1\"><li>Copia de escrituras de la propiedad original o copia autentica en caso que el inmueble est\u00e9 hipotecado deber\u00e1 presentar constancia del banco y protocolo inscrito en el IP.<\/li><li>Copia de tarjeta de identidad del propietario.<\/li><li>Croquis de ubicacion del inmueble.<\/li><li>Copia de clave catastral de A.M.D.C (estado de cuenta de bienes inmuebles)<\/li><li>Copia de identidad de la persona que realiza el tr\u00e1mite, (de no ser propietario quien realiza el tr\u00e1mite, deber\u00e1 presentar carta poder debidamente autenticada por el notario) deber\u00e1 presentar carta poder debidamente auten(estado de cuentas de bienes inmuebles) .<\/li><li>De ser varios los due\u00f1os de la propiedad se deber\u00e1 presentar copia de la identidad y autorizaci\u00f3n de los propietarios a favor de la persona que quedar\u00e1 registrado en la cuenta comercial<\/li><li>7. Croquis de ubicacion del inmueble.<\/li><li>8. Copia de recibo de agua de la cuenta que solicita cambio de nombre<\/li><\/ol><p><b>SI ES NEGOCIO DEBE INCLUIR:<\/b><\/p><ol><li>Poder de representaci\u00f3n,<\/li><li>Escritura de constituci\u00f3n,<\/li><li>RTN de la empresa,<\/li><li>Identidad del representante legal,<\/li><li>Copia de clave A.M.D.C,<\/li><li>Identidad del apoderado legal,<\/li><li>Copia del carnet Colegio de Abogados de Honduras vigente<\/li><\/ol>\t\t\t\t\t\t\t\t\t\t\n\t\t\t\t\t\t\t\t\t<\/div>\n\t\t\t\t\t\t\t\t<\/div> <!-- card -->\t\n\t\t\t\t\t\t\t\t\t\t\t\t\t\t\t<div class=\"card card-2  \">\n\t\t\t\t\t\t\t\t\t<div class=\"card-header witr_ac_card\">\n\t\t\t\t\t\t\t\t\t\t<a href=\"#\" class=\"card-link witr_ac_style\" data-toggle=\"collapse\" data-target=\"#collapse_ae53d92\" aria-expanded=\"true\">\n\t\t\t\t\t\t\t\t\t\t\t\t<!-- icon -->\n\t\t\t\t\t\t\t\t\t\t\t\t<i aria-hidden=\"true\" class=\"fas fa-check\"><\/i>\t\t\t\t\t\n\t\t\t\t\t\t\t\t\t\t\t\t<!-- end icon -->\n\t\t\t\t\t\t\t\t\t\t   CONSTANCIA DE SOLVENCIA (SALDO)\t\t\t\t\t\t\t\t\t\t<\/a>\n\t\t\t\t\t\t\t\t\t<\/div>\n\n\t\t\t\t\t\t\t\t\t<div id=\"collapse_ae53d92\" class=\"collapse    \" data-parent=\"#accordion\">\n                                        <ol type=\"1\"><li>Pago de L. 239.00.<\/li><li>Copia de Identidad de la persona que viene a tramitar.<\/li><\/ol>\t\t\t\t\t\t\t\t\t\t\n\t\t\t\t\t\t\t\t\t<\/div>\n\t\t\t\t\t\t\t\t<\/div> <!-- card -->\t\n\t\t\t\t\t\t\t                        <\/div>\n                    <\/div> <!-- faq part -->\t\t\n                <\/div> \t\t\n\t\t\t\t\t\t<\/div>\n\t\t\t\t<\/div>\n\t\t\t\t\t<\/div>\n\t\t\t\t<\/div>\n\t\t\t\t<\/div>\n\t\t","protected":false},"excerpt":{"rendered":"<p>UMAPS Requisitos Para mas Informaci\u00f3n Tel:2237-8554 \/2237-5520 \/ 9410-4879 CONSTANCIA DE SOLVENCIA PARA FACTIBILIDAD PARA AGUA POTABLE Y ALCANTARILLADO Clave catastral bienes e inmuebles A.M.D.C Croquis de ubicaci\u00f3n Copia de identidad due\u00f1o o representante legal si es compa\u00f1ia Pago de L239.00 Copia de identidad de la persona que viene a tramite SOLICITUD PARA NUEVOS DERECHOS, [&hellip;]<\/p>\n","protected":false},"author":1,"featured_media":0,"parent":0,"menu_order":0,"comment_status":"closed","ping_status":"closed","template":"","meta":{"footnotes":""},"class_list":["post-20260","page","type-page","status-publish","hentry"],"_links":{"self":[{"href":"https:\/\/www2.umaps.hn\/index.php?rest_route=\/wp\/v2\/pages\/20260","targetHints":{"allow":["GET"]}}],"collection":[{"href":"https:\/\/www2.umaps.hn\/index.php?rest_route=\/wp\/v2\/pages"}],"about":[{"href":"https:\/\/www2.umaps.hn\/index.php?rest_route=\/wp\/v2\/types\/page"}],"author":[{"embeddable":true,"href":"https:\/\/www2.umaps.hn\/index.php?rest_route=\/wp\/v2\/users\/1"}],"replies":[{"embeddable":true,"href":"https:\/\/www2.umaps.hn\/index.php?rest_route=%2Fwp%2Fv2%2Fcomments&post=20260"}],"version-history":[{"count":13,"href":"https:\/\/www2.umaps.hn\/index.php?rest_route=\/wp\/v2\/pages\/20260\/revisions"}],"predecessor-version":[{"id":20297,"href":"https:\/\/www2.umaps.hn\/index.php?rest_route=\/wp\/v2\/pages\/20260\/revisions\/20297"}],"wp:attachment":[{"href":"https:\/\/www2.umaps.hn\/index.php?rest_route=%2Fwp%2Fv2%2Fmedia&parent=20260"}],"curies":[{"name":"wp","href":"https:\/\/api.w.org\/{rel}","templated":true}]}}