{"id":20219,"date":"2025-01-15T17:23:53","date_gmt":"2025-01-15T17:23:53","guid":{"rendered":"https:\/\/www2.umaps.hn\/?page_id=20219"},"modified":"2026-03-19T18:00:33","modified_gmt":"2026-03-19T18:00:33","slug":"sitio-educativo","status":"publish","type":"page","link":"https:\/\/www2.umaps.hn\/?page_id=20219","title":{"rendered":"Sitio Educativo"},"content":{"rendered":"\t\t<div data-elementor-type=\"wp-page\" data-elementor-id=\"20219\" class=\"elementor elementor-20219\">\n\t\t\t\t<div class=\"elementor-element elementor-element-a9c3ba2 e-flex e-con-boxed e-con e-parent\" data-id=\"a9c3ba2\" data-element_type=\"container\">\n\t\t\t\t\t<div class=\"e-con-inner\">\n\t\t\t\t<div class=\"elementor-element elementor-element-65c9fd0 kurigram-star-rating--align-center elementor-widget elementor-widget-witr_section_title\" data-id=\"65c9fd0\" data-element_type=\"widget\" data-widget_type=\"witr_section_title.default\">\n\t\t\t\t<div class=\"elementor-widget-container\">\n\t\t\t\t\t\t\t\t\t\t<!-- title center -->\n\t\t\t\t\t<div class=\"witr_section_title\">\n\t\t\t\t\t\t<div class=\"witr_section_title_inner text-center\">\n\t\t\t\t\t\t\n\t\t\t\t\t\t\t<!--<div class=\"witr_title_lines\"><span class=\"witr_line_shaps\"><span class=\"witr_shape_dv\">Divider <i aria-hidden=\"true\" class=\"fas fa-star\"><\/i><\/span><\/span><\/div>-->\n\t\t\t\t\t\t\t<!-- icon position -->\n\t\t\t\t\t\t\t\t\n\t\t\t\t\t\t\t<!-- end icon position -->\n\t\t\t\t\t\t\t\n\t\t\t\t\t\t\n\t\t\t\t\t\t\t<!-- title top -->\n\t\t\t\t\t\t\t\n\n\t\t\t\t\t\t\t<!-- icon position -->\n\t\t\t\t\t\t\t\t\n\t\t\t\t\t\t\t<!-- end icon position -->\n\n\n\t\t\t\t\t\t\t\n\t\t\t\t\t\t\t<!-- title middle -->\n\t\t\t\t\t\t\t\t\t\t\t\t\t\t\t<h3>Programa Educativo<\/h3>\t\t\n\t\t\t\t\t\t\t\t\t\t\t\t\t\t<!-- title bottom -->\n\t\t\t\t\t\t\t\n\t\t\t\t\t\t\t\n\t\t\t\t\t\t\t\n\t\t\t\t\t\t\t\t\t\t\t\t\t\t\n\t\t\t\t\t\t\t<!-- image -->\n\t\t\t\t\t\t\t\t\t\t\t\t\t\t<!-- icon -->\n\t\t\t\t\t\t\t\t\t\t\t\t\t\t\n\t\t\t\t\t\t\t<!-- bar -->\n\t\t\t\t\t\t\t\t\t\t\t\t\t\t\n\t\t\t\t\t\t\t\t<div class=\"witr_bar_main\">\n\t\t\t\t\t\t\t\t\t<div class=\"witr_bar_inner\">\n\t\t\t\t\t\t\t\t\t<\/div>\n\t\t\t\t\t\t\t\t<\/div>\n\t\t\t\t\t\t\t\t\t\t\t\t\t\t<!-- circle bar -->\n\t\t\t\t\t\t\t\t\t\t\t\t\t\t\n\t\t\t\t\t\t\t\t\n\t\t\t\t\t\t\t\n\n\t\t\t\t\t\t\t\n\t\t\t\t\t\t\t<!-- content -->\n\t\t\t\t\t\t\t\t\t\t\t\t\t\t\t<p>El agua es vida. \u00a1No la desperdicies! \ud83d\udca6 <\/p>\t\t\n\t\t\t\t\t\t\t\t\t\t\t\t\t\t\n\t\t\t\t\t\t<\/div>\n\t\t\t\t\t\t\t<!-- inner title -->\n\t\t\t\t\t\t\t\t\t\t\t\t\t\n\t\t\t\t\t<\/div>\n\n\t\t\t\t\t\t\t\t<\/div>\n\t\t\t\t<\/div>\n\t\t\t\t\t<\/div>\n\t\t\t\t<\/div>\n\t\t<div class=\"elementor-element elementor-element-55fcc4e e-grid e-con-boxed e-con e-parent\" data-id=\"55fcc4e\" data-element_type=\"container\">\n\t\t\t\t\t<div class=\"e-con-inner\">\n\t\t\t\t<div class=\"elementor-element elementor-element-e888eff kurigram-star-rating--align-center elementor-widget elementor-widget-witr_section_feature\" data-id=\"e888eff\" data-element_type=\"widget\" data-widget_type=\"witr_section_feature.default\">\n\t\t\t\t<div class=\"elementor-widget-container\">\n\t\t\t\t\t\t\t\n\t\t<div class=\"witr_feature_3d witr_feature_con_3d witr_feature_flip_up \">\n\t\t\t<div class=\"witr_single_feature_3d all_feature_color text-center\">\n\t\t\t\t<!-- fontent -->\n\t\t\t\t<div class=\"witr_feature_front_3d\">\n\t\t\t\t\t<div class=\"witr_feature_position\">\n\t\t\t\t\t\t<div class=\"witr_feature_content_3d\">\n\t\t\t\t\t\t\t<div class=\"witr_feature_icon_3d\">\n\t\t\t\t\t\t\t\t<!-- icon -->\n\t\t\t\t\t\t\t\t\t\t\t\t\t\t\t\t<!-- custom icon -->\n\t\t\t\t\t\t\t\t\t\t\t\t\n\t\t\t\t\t\t\t\t<!-- image -->\n\t\t\t\t\t\t\t\t\t\t\t\t\t\t\n\t\t\t\t\t\t\t<\/div>\n\t\t\t\t\t\t\t<!-- title -->\n\t\t\t\t\t\t\t\t\t\t\t\t\t\t \n\t\t\t\t\t\t\t\t<h3><a href=\"https:\/\/umapshn.com\/wp-content\/uploads\/2025\/01\/leer_recibo.png\">Conoce tu recibo<\/a><\/h3>\n\t\t\t\t\t\t\t\t\t\t\t\t\t\t\t\t\t\t\t\t\t<!-- content -->\n\t\t\t\t\t\t\t\t\t\t\t\t\t\t\t<p>!Aprende a leer tu recibo de agua! <\/p>\t\t\n\t\t\t\t\t\t\t\t\t\t\t\t\t\n\t\t\t\t\t\t<\/div>\n\t\t\t\t\t\t<!-- button -->\n\t\t\t\t\t\t\t\t\t\t\t\t\t<div class=\"witr_feature_btn_3d\">\n\t\t\t\t\t\t\t<a href=\"http:\/\/192.168.10.11\/umaps\/wp-content\/uploads\/2026\/03\/leer_recibo-e1773680062103.png\">Mas Informaci\u00f3n<\/a>\n\t\t\t\t\t\t\t<\/div>\n\t\t\t\t\t\t\t\n\t\t\t\t\t<\/div>\n\t\t\t\t<\/div>\n\t\t\t\t<!-- bekend -->\n\t\t\t\t<div class=\"witr_feature_back_3d\">\n\t\t\t\t\t<div class=\"witr_feature_position\">\n\t\t\t\t\t\t<div class=\"witr_feature_content_3d\">\n\t\t\t\t\t\t\t<div class=\"witr_feature_icon_3d\">\n\t\t\t\t\t\t\t\t<!-- icon -->\n\t\t\t\t\t\t\t\t<i aria-hidden=\"true\" class=\"flaticon flaticon-water\"><\/i>\t\t\t\t\t\t\t\t<!-- custom icon -->\n\t\t\t\t\t\t\t\t\t\t\t\t\n\t\t\t\t\t\t\t\t<!-- image -->\n\t\t\t\t\t\t\t\t\t\t\t\t\t\t\n\t\t\t\t\t\t\t<\/div>\n\t\t\t\t\t\t\t<!-- title -->\n\t\t\t\t\t\t\t\t\t\t\t\t\t\t\t\t\t\t\t\t\t<h3>RECIBO DE AGUA <\/h3>\n\t\t\t\t\t\t\t\t\t\t\t\t\t\t\t\t\t\t\t\t\t<!-- content -->\n\t\t\t\t\t\t\t\t\t\t\t\t\t\t\t<p>Nos importa mucho que entiendas tu recibo <\/p>\t\t\n\t\t\t\t\t\t\t\t\t\t\t\t\t\n\t\t\t\t\t\t<\/div>\n\t\t\t\t\t\t\n\t\t\t\t\t\t<!-- button -->\n\t\t\t\t\t\t\t\t\t\t\t\t\t<div class=\"witr_feature_btn_3d\">\n\t\t\t\t\t\t\t<a href=\"https:\/\/umapshn.com\/wp-content\/uploads\/2025\/01\/leer_recibo.png\">Mas Informaci\u00f3n<\/a>\n\t\t\t\t\t\t\t<\/div>\n\t\t\t\t\t\t\t\t\t\t\t\n\t\t\t\t\t\t\n\t\t\t\t\t<\/div>\n\t\t\t\t<\/div>\n\t\t\t<\/div>\n\t\t<\/div>\n\t\t\t\n\n\t\t\t\t\t\t<\/div>\n\t\t\t\t<\/div>\n\t\t\t\t<div class=\"elementor-element elementor-element-a8ab842 kurigram-star-rating--align-center elementor-widget elementor-widget-witr_section_feature\" data-id=\"a8ab842\" data-element_type=\"widget\" data-widget_type=\"witr_section_feature.default\">\n\t\t\t\t<div class=\"elementor-widget-container\">\n\t\t\t\t\t\t\t\n\t\t<div class=\"witr_feature_3d witr_feature_con_3d witr_feature_flip_up \">\n\t\t\t<div class=\"witr_single_feature_3d all_feature_color text-center\">\n\t\t\t\t<!-- fontent -->\n\t\t\t\t<div class=\"witr_feature_front_3d\">\n\t\t\t\t\t<div class=\"witr_feature_position\">\n\t\t\t\t\t\t<div class=\"witr_feature_content_3d\">\n\t\t\t\t\t\t\t<div class=\"witr_feature_icon_3d\">\n\t\t\t\t\t\t\t\t<!-- icon -->\n\t\t\t\t\t\t\t\t\t\t\t\t\t\t\t\t<!-- custom icon -->\n\t\t\t\t\t\t\t\t\t\t\t\t\n\t\t\t\t\t\t\t\t<!-- image -->\n\t\t\t\t\t\t\t\t\t\t\t\t\t\t\n\t\t\t\t\t\t\t<\/div>\n\t\t\t\t\t\t\t<!-- title -->\n\t\t\t\t\t\t\t\t\t\t\t\t\t\t \n\t\t\t\t\t\t\t\t<h3><a href=\"http:\/\/192.168.10.11\/umaps\/wp-content\/uploads\/2026\/03\/Potabilizacion-e1773943040366.png\">\u00bfSabes Como se hace la potabilizaci\u00f3n del agua?<\/a><\/h3>\n\t\t\t\t\t\t\t\t\t\t\t\t\t\t\t\t\t\t\t\t\t<!-- content -->\n\t\t\t\t\t\t\t\t\t\t\t\t\t\t\t<p>\nAqu\u00ed te mostramos Como\n\n\n\n\n\n\n\n\n <\/p>\t\t\n\t\t\t\t\t\t\t\t\t\t\t\t\t\n\t\t\t\t\t\t<\/div>\n\t\t\t\t\t\t<!-- button -->\n\t\t\t\t\t\t\t\t\t\t\t\t\t<div class=\"witr_feature_btn_3d\">\n\t\t\t\t\t\t\t<a href=\"http:\/\/192.168.10.11\/umaps\/wp-content\/uploads\/2026\/03\/Potabilizacion-e1773943040366.png\">Mas Informaci\u00f3n<\/a>\n\t\t\t\t\t\t\t<\/div>\n\t\t\t\t\t\t\t\n\t\t\t\t\t<\/div>\n\t\t\t\t<\/div>\n\t\t\t\t<!-- bekend -->\n\t\t\t\t<div class=\"witr_feature_back_3d\">\n\t\t\t\t\t<div class=\"witr_feature_position\">\n\t\t\t\t\t\t<div class=\"witr_feature_content_3d\">\n\t\t\t\t\t\t\t<div class=\"witr_feature_icon_3d\">\n\t\t\t\t\t\t\t\t<!-- icon -->\n\t\t\t\t\t\t\t\t<i aria-hidden=\"true\" class=\"fab fa-twitter\"><\/i>\t\t\t\t\t\t\t\t<!-- custom icon -->\n\t\t\t\t\t\t\t\t\t\t\t\t\n\t\t\t\t\t\t\t\t<!-- image -->\n\t\t\t\t\t\t\t\t\t\t\t\t\t\t\n\t\t\t\t\t\t\t<\/div>\n\t\t\t\t\t\t\t<!-- title -->\n\t\t\t\t\t\t\t\t\t\t\t\t\t\t \n\t\t\t\t\t\t\t\t<h3><a href=\"http:\/\/192.168.10.11\/umaps\/wp-content\/uploads\/2026\/03\/Potabilizacion-e1773943040366.png\">Potabilizaci\u00f3n del agua<\/a><\/h3>\n\t\t\t\t\t\t\t\t\t\t\t\t\t\t\t\t\t\t\t\t\t<!-- content -->\n\t\t\t\t\t\t\t\t\t\t\t\t\t\t\t<p>Cuida el agua, cada gota cuenta. <\/p>\t\t\n\t\t\t\t\t\t\t\t\t\t\t\t\t\n\t\t\t\t\t\t<\/div>\n\t\t\t\t\t\t\n\t\t\t\t\t\t<!-- button -->\n\t\t\t\t\t\t\t\t\t\t\t\t\t<div class=\"witr_feature_btn_3d\">\n\t\t\t\t\t\t\t<a href=\"#http:\/\/192.168.10.11\/umaps\/wp-content\/uploads\/2026\/03\/Potabilizacion-e1773943040366.png\">Mas Informaci\u00f3n<\/a>\n\t\t\t\t\t\t\t<\/div>\n\t\t\t\t\t\t\t\t\t\t\t\n\t\t\t\t\t\t\n\t\t\t\t\t<\/div>\n\t\t\t\t<\/div>\n\t\t\t<\/div>\n\t\t<\/div>\n\t\t\t\n\n\t\t\t\t\t\t<\/div>\n\t\t\t\t<\/div>\n\t\t\t\t<div class=\"elementor-element elementor-element-4175af9 kurigram-star-rating--align-center elementor-widget elementor-widget-witr_section_feature\" data-id=\"4175af9\" data-element_type=\"widget\" data-widget_type=\"witr_section_feature.default\">\n\t\t\t\t<div class=\"elementor-widget-container\">\n\t\t\t\t\t\t\t\n\t\t<div class=\"witr_feature_3d witr_feature_con_3d witr_feature_flip_up \">\n\t\t\t<div class=\"witr_single_feature_3d all_feature_color text-center\">\n\t\t\t\t<!-- fontent -->\n\t\t\t\t<div class=\"witr_feature_front_3d\">\n\t\t\t\t\t<div class=\"witr_feature_position\">\n\t\t\t\t\t\t<div class=\"witr_feature_content_3d\">\n\t\t\t\t\t\t\t<div class=\"witr_feature_icon_3d\">\n\t\t\t\t\t\t\t\t<!-- icon -->\n\t\t\t\t\t\t\t\t\t\t\t\t\t\t\t\t<!-- custom icon -->\n\t\t\t\t\t\t\t\t\t\t\t\t\n\t\t\t\t\t\t\t\t<!-- image -->\n\t\t\t\t\t\t\t\t\t\t\t\t\t\t\n\t\t\t\t\t\t\t<\/div>\n\t\t\t\t\t\t\t<!-- title -->\n\t\t\t\t\t\t\t\t\t\t\t\t\t\t \n\t\t\t\t\t\t\t\t<h3><a href=\"http:\/\/192.168.10.11\/umaps\/wp-content\/uploads\/2026\/03\/aguas_residuales-e1773943310978.jpg\">Protegiendo Nuestras tuber\u00edas<\/a><\/h3>\n\t\t\t\t\t\t\t\t\t\t\t\t\t\t\t\t\t\t\t\t\t<!-- content -->\n\t\t\t\t\t\t\t\t\t\t\t\t\t\t\t<p>\u00bfQu\u00e9 no tirar por el desag\u00fce?\n\n\n\n\n\n\n\n\n <\/p>\t\t\n\t\t\t\t\t\t\t\t\t\t\t\t\t\n\t\t\t\t\t\t<\/div>\n\t\t\t\t\t\t<!-- button -->\n\t\t\t\t\t\t\t\t\t\t\t\t\t<div class=\"witr_feature_btn_3d\">\n\t\t\t\t\t\t\t<a href=\"http:\/\/192.168.10.11\/umaps\/wp-content\/uploads\/2026\/03\/aguas_residuales-e1773943310978.jpg\">Mas Informaci\u00f3n<\/a>\n\t\t\t\t\t\t\t<\/div>\n\t\t\t\t\t\t\t\n\t\t\t\t\t<\/div>\n\t\t\t\t<\/div>\n\t\t\t\t<!-- bekend -->\n\t\t\t\t<div class=\"witr_feature_back_3d\">\n\t\t\t\t\t<div class=\"witr_feature_position\">\n\t\t\t\t\t\t<div class=\"witr_feature_content_3d\">\n\t\t\t\t\t\t\t<div class=\"witr_feature_icon_3d\">\n\t\t\t\t\t\t\t\t<!-- icon -->\n\t\t\t\t\t\t\t\t\t\t\t\t\t\t\t\t<!-- custom icon -->\n\t\t\t\t\t\t\t\t\t\t\t\t\n\t\t\t\t\t\t\t\t<!-- image -->\n\t\t\t\t\t\t\t\t\t\t\t\t\t\t\n\t\t\t\t\t\t\t<\/div>\n\t\t\t\t\t\t\t<!-- title -->\n\t\t\t\t\t\t\t\t\t\t\t\t\t\t \n\t\t\t\t\t\t\t\t<h3><a href=\"http:\/\/192.168.10.11\/umaps\/wp-content\/uploads\/2026\/03\/aguas_residuales-e1773943310978.jpg\">\u00a1Cuidemos nuestras tuber\u00edas y el medio ambiente!<\/a><\/h3>\n\t\t\t\t\t\t\t\t\t\t\t\t\t\t\t\t\t\t\t\t\t<!-- content -->\n\t\t\t\t\t\t\t\t\t\t\t\t\t\t\t<p>Cuida el agua, cada gota cuenta. <\/p>\t\t\n\t\t\t\t\t\t\t\t\t\t\t\t\t\n\t\t\t\t\t\t<\/div>\n\t\t\t\t\t\t\n\t\t\t\t\t\t<!-- button -->\n\t\t\t\t\t\t\t\t\t\t\t\t\t<div class=\"witr_feature_btn_3d\">\n\t\t\t\t\t\t\t<a href=\"http:\/\/192.168.10.11\/umaps\/wp-content\/uploads\/2026\/03\/aguas_residuales-e1773943310978.jpg\">Mas Informaci\u00f3n<\/a>\n\t\t\t\t\t\t\t<\/div>\n\t\t\t\t\t\t\t\t\t\t\t\n\t\t\t\t\t\t\n\t\t\t\t\t<\/div>\n\t\t\t\t<\/div>\n\t\t\t<\/div>\n\t\t<\/div>\n\t\t\t\n\n\t\t\t\t\t\t<\/div>\n\t\t\t\t<\/div>\n\t\t\t\t\t<\/div>\n\t\t\t\t<\/div>\n\t\t<div class=\"elementor-element elementor-element-91f2f46 e-flex e-con-boxed e-con e-parent\" data-id=\"91f2f46\" data-element_type=\"container\">\n\t\t\t\t\t<div class=\"e-con-inner\">\n\t\t\t\t<div class=\"elementor-element elementor-element-99dc44f kurigram-star-rating--align-center elementor-widget elementor-widget-witr_section_title\" data-id=\"99dc44f\" data-element_type=\"widget\" data-widget_type=\"witr_section_title.default\">\n\t\t\t\t<div class=\"elementor-widget-container\">\n\t\t\t\t\t\t\t\t\t\t<!-- title center -->\n\t\t\t\t\t<div class=\"witr_section_title\">\n\t\t\t\t\t\t<div class=\"witr_section_title_inner text-center\">\n\t\t\t\t\t\t\n\t\t\t\t\t\t\t<!--<div class=\"witr_title_lines\"><span class=\"witr_line_shaps\"><span class=\"witr_shape_dv\">Divider <i aria-hidden=\"true\" class=\"fas fa-star\"><\/i><\/span><\/span><\/div>-->\n\t\t\t\t\t\t\t<!-- icon position -->\n\t\t\t\t\t\t\t\t\n\t\t\t\t\t\t\t<!-- end icon position -->\n\t\t\t\t\t\t\t\n\t\t\t\t\t\t\n\t\t\t\t\t\t\t<!-- title top -->\n\t\t\t\t\t\t\t\n\n\t\t\t\t\t\t\t<!-- icon position -->\n\t\t\t\t\t\t\t\t\n\t\t\t\t\t\t\t<!-- end icon position -->\n\n\n\t\t\t\t\t\t\t\n\t\t\t\t\t\t\t<!-- title middle -->\n\t\t\t\t\t\t\t\t\t\t\t\t\t\t\t<h3>Tips Ahorro de Agua\n<\/h3>\t\t\n\t\t\t\t\t\t\t\t\t\t\t\t\t\t<!-- title bottom -->\n\t\t\t\t\t\t\t\n\t\t\t\t\t\t\t\n\t\t\t\t\t\t\t\n\t\t\t\t\t\t\t\t\t\t\t\t\t\t\n\t\t\t\t\t\t\t<!-- image -->\n\t\t\t\t\t\t\t\t\t\t\t\t\t\t<!-- icon -->\n\t\t\t\t\t\t\t\t\t\t\t\t\t\t\n\t\t\t\t\t\t\t<!-- bar -->\n\t\t\t\t\t\t\t\t\t\t\t\t\t\t\n\t\t\t\t\t\t\t\t<div class=\"witr_bar_main\">\n\t\t\t\t\t\t\t\t\t<div class=\"witr_bar_inner\">\n\t\t\t\t\t\t\t\t\t<\/div>\n\t\t\t\t\t\t\t\t<\/div>\n\t\t\t\t\t\t\t\t\t\t\t\t\t\t<!-- circle bar -->\n\t\t\t\t\t\t\t\t\t\t\t\t\t\t\n\t\t\t\t\t\t\t\t\n\t\t\t\t\t\t\t\n\n\t\t\t\t\t\t\t\n\t\t\t\t\t\t\t<!-- content -->\n\t\t\t\t\t\t\t\t\t\t\t\t\t\t\t<p>Peque\u00f1as acciones, grandes resultados. Consume agua de manera responsable. \ud83d\udca6 <\/p>\t\t\n\t\t\t\t\t\t\t\t\t\t\t\t\t\t\n\t\t\t\t\t\t<\/div>\n\t\t\t\t\t\t\t<!-- inner title -->\n\t\t\t\t\t\t\t\t\t\t\t\t\t\n\t\t\t\t\t<\/div>\n\n\t\t\t\t\t\t\t\t<\/div>\n\t\t\t\t<\/div>\n\t\t\t\t\t<\/div>\n\t\t\t\t<\/div>\n\t\t<div class=\"elementor-element elementor-element-0eb21da e-grid e-con-boxed e-con e-parent\" data-id=\"0eb21da\" data-element_type=\"container\">\n\t\t\t\t\t<div class=\"e-con-inner\">\n\t\t\t\t<div class=\"elementor-element elementor-element-787f1e1 elementor-widget elementor-widget-witr_section_s_image\" data-id=\"787f1e1\" data-element_type=\"widget\" data-widget_type=\"witr_section_s_image.default\">\n\t\t\t\t<div class=\"elementor-widget-container\">\n\t\t\t\t\t\t\n\t\t<div class=\"single_image_area\">\n\t\t\t<div class=\"single_image  \">\n\t\t\t\t<!-- image -->\n\t\t\t\t\t\t\t\t\t<img decoding=\"async\" src=\"http:\/\/www2.umaps.hn\/wp-content\/uploads\/2025\/01\/consejo4.jpeg\" alt=\"\" \/>\n\t\t\t\t\t\t\n\t\t\t\t\t\t\t<\/div>\n\t\t<\/div>\n\t\t\t\n\t\t\t\n\t\t\n\t\t\t\n\t\t\t\t\t\t<\/div>\n\t\t\t\t<\/div>\n\t\t\t\t<div class=\"elementor-element elementor-element-5778f28 elementor-widget elementor-widget-witr_section_s_image\" data-id=\"5778f28\" data-element_type=\"widget\" data-widget_type=\"witr_section_s_image.default\">\n\t\t\t\t<div class=\"elementor-widget-container\">\n\t\t\t\t\t\t\n\t\t<div class=\"single_image_area\">\n\t\t\t<div class=\"single_image  \">\n\t\t\t\t<!-- image -->\n\t\t\t\t\t\t\t\t\t<img decoding=\"async\" src=\"http:\/\/www2.umaps.hn\/wp-content\/uploads\/2025\/01\/consejo6.jpeg\" alt=\"\" \/>\n\t\t\t\t\t\t\n\t\t\t\t\t\t\t<\/div>\n\t\t<\/div>\n\t\t\t\n\t\t\t\n\t\t\n\t\t\t\n\t\t\t\t\t\t<\/div>\n\t\t\t\t<\/div>\n\t\t\t\t<div class=\"elementor-element elementor-element-243a1b6 elementor-widget elementor-widget-witr_section_s_image\" data-id=\"243a1b6\" data-element_type=\"widget\" data-widget_type=\"witr_section_s_image.default\">\n\t\t\t\t<div class=\"elementor-widget-container\">\n\t\t\t\t\t\t\n\t\t<div class=\"single_image_area\">\n\t\t\t<div class=\"single_image  \">\n\t\t\t\t<!-- image -->\n\t\t\t\t\t\t\t\t\t<img decoding=\"async\" src=\"http:\/\/www2.umaps.hn\/wp-content\/uploads\/2025\/01\/consejo5.jpeg\" alt=\"\" \/>\n\t\t\t\t\t\t\n\t\t\t\t\t\t\t<\/div>\n\t\t<\/div>\n\t\t\t\n\t\t\t\n\t\t\n\t\t\t\n\t\t\t\t\t\t<\/div>\n\t\t\t\t<\/div>\n\t\t\t\t<div class=\"elementor-element elementor-element-20b43b5 elementor-widget elementor-widget-witr_section_s_image\" data-id=\"20b43b5\" data-element_type=\"widget\" data-widget_type=\"witr_section_s_image.default\">\n\t\t\t\t<div class=\"elementor-widget-container\">\n\t\t\t\t\t\t\n\t\t<div class=\"single_image_area\">\n\t\t\t<div class=\"single_image  \">\n\t\t\t\t<!-- image -->\n\t\t\t\t\t\t\t\t\t<img decoding=\"async\" src=\"http:\/\/www2.umaps.hn\/wp-content\/uploads\/2025\/01\/consejo1.jpeg\" alt=\"\" \/>\n\t\t\t\t\t\t\n\t\t\t\t\t\t\t<\/div>\n\t\t<\/div>\n\t\t\t\n\t\t\t\n\t\t\n\t\t\t\n\t\t\t\t\t\t<\/div>\n\t\t\t\t<\/div>\n\t\t\t\t\t<\/div>\n\t\t\t\t<\/div>\n\t\t\t\t<\/div>\n\t\t","protected":false},"excerpt":{"rendered":"<p>Programa Educativo El agua es vida. \u00a1No la desperdicies! \ud83d\udca6 Conoce tu recibo !Aprende a leer tu recibo de agua! Mas Informaci\u00f3n RECIBO DE AGUA Nos importa mucho que entiendas tu recibo Mas Informaci\u00f3n \u00bfSabes Como se hace la potabilizaci\u00f3n del agua? Aqu\u00ed te mostramos Como Mas Informaci\u00f3n Potabilizaci\u00f3n del agua Cuida el agua, cada [&hellip;]<\/p>\n","protected":false},"author":1,"featured_media":0,"parent":0,"menu_order":0,"comment_status":"closed","ping_status":"closed","template":"","meta":{"footnotes":""},"class_list":["post-20219","page","type-page","status-publish","hentry"],"_links":{"self":[{"href":"https:\/\/www2.umaps.hn\/index.php?rest_route=\/wp\/v2\/pages\/20219","targetHints":{"allow":["GET"]}}],"collection":[{"href":"https:\/\/www2.umaps.hn\/index.php?rest_route=\/wp\/v2\/pages"}],"about":[{"href":"https:\/\/www2.umaps.hn\/index.php?rest_route=\/wp\/v2\/types\/page"}],"author":[{"embeddable":true,"href":"https:\/\/www2.umaps.hn\/index.php?rest_route=\/wp\/v2\/users\/1"}],"replies":[{"embeddable":true,"href":"https:\/\/www2.umaps.hn\/index.php?rest_route=%2Fwp%2Fv2%2Fcomments&post=20219"}],"version-history":[{"count":24,"href":"https:\/\/www2.umaps.hn\/index.php?rest_route=\/wp\/v2\/pages\/20219\/revisions"}],"predecessor-version":[{"id":20362,"href":"https:\/\/www2.umaps.hn\/index.php?rest_route=\/wp\/v2\/pages\/20219\/revisions\/20362"}],"wp:attachment":[{"href":"https:\/\/www2.umaps.hn\/index.php?rest_route=%2Fwp%2Fv2%2Fmedia&parent=20219"}],"curies":[{"name":"wp","href":"https:\/\/api.w.org\/{rel}","templated":true}]}}