{"id":20191,"date":"2024-12-26T18:56:23","date_gmt":"2024-12-26T18:56:23","guid":{"rendered":"https:\/\/www2.umaps.hn\/?page_id=20191"},"modified":"2024-12-26T19:30:49","modified_gmt":"2024-12-26T19:30:49","slug":"documentacion","status":"publish","type":"page","link":"https:\/\/www2.umaps.hn\/?page_id=20191","title":{"rendered":"Documentaci\u00f3n"},"content":{"rendered":"\t\t<div data-elementor-type=\"wp-page\" data-elementor-id=\"20191\" class=\"elementor elementor-20191\">\n\t\t\t\t<div class=\"elementor-element elementor-element-3d0af3b e-flex e-con-boxed e-con e-parent\" data-id=\"3d0af3b\" data-element_type=\"container\">\n\t\t\t\t\t<div class=\"e-con-inner\">\n\t\t\t\t<div class=\"elementor-element elementor-element-18df0be kurigram-star-rating--align-center elementor-widget elementor-widget-witr_section_title\" data-id=\"18df0be\" data-element_type=\"widget\" data-widget_type=\"witr_section_title.default\">\n\t\t\t\t<div class=\"elementor-widget-container\">\n\t\t\t\t\t\t\t\t\t\t<!-- title center -->\n\t\t\t\t\t<div class=\"witr_section_title\">\n\t\t\t\t\t\t<div class=\"witr_section_title_inner text-center\">\n\t\t\t\t\t\t\n\t\t\t\t\t\t\t<!--<div class=\"witr_title_lines\"><span class=\"witr_line_shaps\"><span class=\"witr_shape_dv\">Divider <i aria-hidden=\"true\" class=\"fas fa-star\"><\/i><\/span><\/span><\/div>-->\n\t\t\t\t\t\t\t<!-- icon position -->\n\t\t\t\t\t\t\t\t\n\t\t\t\t\t\t\t<!-- end icon position -->\n\t\t\t\t\t\t\t\n\t\t\t\t\t\t\n\t\t\t\t\t\t\t<!-- title top -->\n\t\t\t\t\t\t\t\t\t\t\t\t\t\t\t<h2>UNIDAD MINICIPAL DE AGUA POTABLE Y SANEAMIENTO<\/h2>\t\t\n\t\t\t\t\t\t\t\n\n\t\t\t\t\t\t\t<!-- icon position -->\n\t\t\t\t\t\t\t\t\n\t\t\t\t\t\t\t<!-- end icon position -->\n\n\n\t\t\t\t\t\t\t\n\t\t\t\t\t\t\t<!-- title middle -->\n\t\t\t\t\t\t\t\t\t\t\t\t\t\t\t<h3>Documentaci\u00f3n<\/h3>\t\t\n\t\t\t\t\t\t\t\t\t\t\t\t\t\t<!-- title bottom -->\n\t\t\t\t\t\t\t\n\t\t\t\t\t\t\t\n\t\t\t\t\t\t\t\n\t\t\t\t\t\t\t\t\t\t\t\t\t\t\n\t\t\t\t\t\t\t<!-- image -->\n\t\t\t\t\t\t\t\t\t\t\t\t\t\t<!-- icon -->\n\t\t\t\t\t\t\t\t\t\t\t\t\t\t\n\t\t\t\t\t\t\t<!-- bar -->\n\t\t\t\t\t\t\t\t\t\t\t\t\t\t\n\t\t\t\t\t\t\t\t<div class=\"witr_bar_main\">\n\t\t\t\t\t\t\t\t\t<div class=\"witr_bar_inner\">\n\t\t\t\t\t\t\t\t\t<\/div>\n\t\t\t\t\t\t\t\t<\/div>\n\t\t\t\t\t\t\t\t\t\t\t\t\t\t<!-- circle bar -->\n\t\t\t\t\t\t\t\t\t\t\t\t\t\t\n\t\t\t\t\t\t\t\t\n\t\t\t\t\t\t\t\n\n\t\t\t\t\t\t\t\n\t\t\t\t\t\t\t<!-- content -->\n\t\t\t\t\t\t\t\t\t\t\t\t\t\t\n\t\t\t\t\t\t<\/div>\n\t\t\t\t\t\t\t<!-- inner title -->\n\t\t\t\t\t\t\t\t\t\t\t\t\t\n\t\t\t\t\t<\/div>\n\n\t\t\t\t\t\t\t\t<\/div>\n\t\t\t\t<\/div>\n\t\t\t\t\t<\/div>\n\t\t\t\t<\/div>\n\t\t<div class=\"elementor-element elementor-element-aaab219 e-flex e-con-boxed e-con e-parent\" data-id=\"aaab219\" data-element_type=\"container\">\n\t\t\t\t\t<div class=\"e-con-inner\">\n\t\t<div class=\"elementor-element elementor-element-816f08b e-con-full e-flex e-con e-child\" data-id=\"816f08b\" data-element_type=\"container\">\n\t\t\t\t<div class=\"elementor-element elementor-element-97cff25 elementor-view-stacked elementor-shape-circle elementor-position-top elementor-mobile-position-top elementor-widget elementor-widget-icon-box\" data-id=\"97cff25\" data-element_type=\"widget\" data-widget_type=\"icon-box.default\">\n\t\t\t\t<div class=\"elementor-widget-container\">\n\t\t\t\t\t\t\t<div class=\"elementor-icon-box-wrapper\">\n\n\t\t\t\t\t\t<div class=\"elementor-icon-box-icon\">\n\t\t\t\t<a href=\"https:\/\/www2.umaps.hn\/wp-content\/uploads\/2024\/12\/Reglamento-General-de-la-UMAPS.pdf\" target=\"_blank\" class=\"elementor-icon elementor-animation-\" tabindex=\"-1\">\n\t\t\t\t<i aria-hidden=\"true\" class=\"far fa-file-pdf\"><\/i>\t\t\t\t<\/a>\n\t\t\t<\/div>\n\t\t\t\n\t\t\t\t\t\t<div class=\"elementor-icon-box-content\">\n\n\t\t\t\t\t\t\t\t\t<span class=\"elementor-icon-box-title\">\n\t\t\t\t\t\t<a href=\"https:\/\/www2.umaps.hn\/wp-content\/uploads\/2024\/12\/Reglamento-General-de-la-UMAPS.pdf\" target=\"_blank\" >\n\t\t\t\t\t\t\tReglamento General de la UMAPS\t\t\t\t\t\t<\/a>\n\t\t\t\t\t<\/span>\n\t\t\t\t\n\t\t\t\t\n\t\t\t<\/div>\n\t\t\t\n\t\t<\/div>\n\t\t\t\t\t\t<\/div>\n\t\t\t\t<\/div>\n\t\t\t\t<\/div>\n\t\t<div class=\"elementor-element elementor-element-3ecce62 e-con-full e-flex e-con e-child\" data-id=\"3ecce62\" data-element_type=\"container\">\n\t\t\t\t<div class=\"elementor-element elementor-element-d33af29 elementor-view-stacked elementor-shape-circle elementor-position-top elementor-mobile-position-top elementor-widget elementor-widget-icon-box\" data-id=\"d33af29\" data-element_type=\"widget\" data-widget_type=\"icon-box.default\">\n\t\t\t\t<div class=\"elementor-widget-container\">\n\t\t\t\t\t\t\t<div class=\"elementor-icon-box-wrapper\">\n\n\t\t\t\t\t\t<div class=\"elementor-icon-box-icon\">\n\t\t\t\t<a href=\"https:\/\/www2.umaps.hn\/wp-content\/uploads\/2024\/12\/Reglamento-de-Servicios-de-la-UMAPS.pdf\" target=\"_blank\" class=\"elementor-icon elementor-animation-\" tabindex=\"-1\">\n\t\t\t\t<i aria-hidden=\"true\" class=\"far fa-file-pdf\"><\/i>\t\t\t\t<\/a>\n\t\t\t<\/div>\n\t\t\t\n\t\t\t\t\t\t<div class=\"elementor-icon-box-content\">\n\n\t\t\t\t\t\t\t\t\t<span class=\"elementor-icon-box-title\">\n\t\t\t\t\t\t<a href=\"https:\/\/www2.umaps.hn\/wp-content\/uploads\/2024\/12\/Reglamento-de-Servicios-de-la-UMAPS.pdf\" target=\"_blank\" >\n\t\t\t\t\t\t\tReglamento de Servicios de la UMAPS\t\t\t\t\t\t<\/a>\n\t\t\t\t\t<\/span>\n\t\t\t\t\n\t\t\t\t\n\t\t\t<\/div>\n\t\t\t\n\t\t<\/div>\n\t\t\t\t\t\t<\/div>\n\t\t\t\t<\/div>\n\t\t\t\t<\/div>\n\t\t<div class=\"elementor-element elementor-element-c612ccf e-con-full e-flex e-con e-child\" data-id=\"c612ccf\" data-element_type=\"container\">\n\t\t\t\t<div class=\"elementor-element elementor-element-92e35b7 elementor-view-stacked elementor-shape-circle elementor-position-top elementor-mobile-position-top elementor-widget elementor-widget-icon-box\" data-id=\"92e35b7\" data-element_type=\"widget\" data-widget_type=\"icon-box.default\">\n\t\t\t\t<div class=\"elementor-widget-container\">\n\t\t\t\t\t\t\t<div class=\"elementor-icon-box-wrapper\">\n\n\t\t\t\t\t\t<div class=\"elementor-icon-box-icon\">\n\t\t\t\t<a href=\"https:\/\/www2.umaps.hn\/wp-content\/uploads\/2024\/12\/Reglamento-de-Funcionamiento-de-la-UMAPS.pdf\" target=\"_blank\" class=\"elementor-icon elementor-animation-\" tabindex=\"-1\">\n\t\t\t\t<i aria-hidden=\"true\" class=\"far fa-file-pdf\"><\/i>\t\t\t\t<\/a>\n\t\t\t<\/div>\n\t\t\t\n\t\t\t\t\t\t<div class=\"elementor-icon-box-content\">\n\n\t\t\t\t\t\t\t\t\t<span class=\"elementor-icon-box-title\">\n\t\t\t\t\t\t<a href=\"https:\/\/www2.umaps.hn\/wp-content\/uploads\/2024\/12\/Reglamento-de-Funcionamiento-de-la-UMAPS.pdf\" target=\"_blank\" >\n\t\t\t\t\t\t\tReglamento de Funcionamiento de la UMAPS\t\t\t\t\t\t<\/a>\n\t\t\t\t\t<\/span>\n\t\t\t\t\n\t\t\t\t\n\t\t\t<\/div>\n\t\t\t\n\t\t<\/div>\n\t\t\t\t\t\t<\/div>\n\t\t\t\t<\/div>\n\t\t\t\t<\/div>\n\t\t<div class=\"elementor-element elementor-element-33c5899 e-con-full e-flex e-con e-child\" data-id=\"33c5899\" data-element_type=\"container\">\n\t\t\t\t<div class=\"elementor-element elementor-element-71ba239 elementor-view-stacked elementor-shape-circle elementor-position-top elementor-mobile-position-top elementor-widget elementor-widget-icon-box\" data-id=\"71ba239\" data-element_type=\"widget\" data-widget_type=\"icon-box.default\">\n\t\t\t\t<div class=\"elementor-widget-container\">\n\t\t\t\t\t\t\t<div class=\"elementor-icon-box-wrapper\">\n\n\t\t\t\t\t\t<div class=\"elementor-icon-box-icon\">\n\t\t\t\t<a href=\"https:\/\/www2.umaps.hn\/wp-content\/uploads\/2024\/12\/Poltica-Igual-de-Genero-de-la-UMAPS.pdf\" target=\"_blank\" class=\"elementor-icon elementor-animation-\" tabindex=\"-1\">\n\t\t\t\t<i aria-hidden=\"true\" class=\"far fa-file-pdf\"><\/i>\t\t\t\t<\/a>\n\t\t\t<\/div>\n\t\t\t\n\t\t\t\t\t\t<div class=\"elementor-icon-box-content\">\n\n\t\t\t\t\t\t\t\t\t<span class=\"elementor-icon-box-title\">\n\t\t\t\t\t\t<a href=\"https:\/\/www2.umaps.hn\/wp-content\/uploads\/2024\/12\/Poltica-Igual-de-Genero-de-la-UMAPS.pdf\" target=\"_blank\" >\n\t\t\t\t\t\t\tPol\u00edtica Igual de Genero de la UMAPS\t\t\t\t\t\t<\/a>\n\t\t\t\t\t<\/span>\n\t\t\t\t\n\t\t\t\t\n\t\t\t<\/div>\n\t\t\t\n\t\t<\/div>\n\t\t\t\t\t\t<\/div>\n\t\t\t\t<\/div>\n\t\t\t\t<\/div>\n\t\t<div class=\"elementor-element elementor-element-b9b58c9 e-con-full e-flex e-con e-child\" data-id=\"b9b58c9\" data-element_type=\"container\">\n\t\t\t\t<div class=\"elementor-element elementor-element-1ea76b3 elementor-view-stacked elementor-shape-circle elementor-position-top elementor-mobile-position-top elementor-widget elementor-widget-icon-box\" data-id=\"1ea76b3\" data-element_type=\"widget\" data-widget_type=\"icon-box.default\">\n\t\t\t\t<div class=\"elementor-widget-container\">\n\t\t\t\t\t\t\t<div class=\"elementor-icon-box-wrapper\">\n\n\t\t\t\t\t\t<div class=\"elementor-icon-box-icon\">\n\t\t\t\t<a href=\"https:\/\/www2.umaps.hn\/wp-content\/uploads\/2024\/12\/Plan-de-Accin-para-Implementacin-de-la-Poltica-de-Genero.pdf\" target=\"_blank\" class=\"elementor-icon elementor-animation-\" tabindex=\"-1\">\n\t\t\t\t<i aria-hidden=\"true\" class=\"far fa-file-pdf\"><\/i>\t\t\t\t<\/a>\n\t\t\t<\/div>\n\t\t\t\n\t\t\t\t\t\t<div class=\"elementor-icon-box-content\">\n\n\t\t\t\t\t\t\t\t\t<span class=\"elementor-icon-box-title\">\n\t\t\t\t\t\t<a href=\"https:\/\/www2.umaps.hn\/wp-content\/uploads\/2024\/12\/Plan-de-Accin-para-Implementacin-de-la-Poltica-de-Genero.pdf\" target=\"_blank\" >\n\t\t\t\t\t\t\tPlan de Acci\u00f3n para Implementaci\u00f3n de la Pol\u00edtica de Genero\t\t\t\t\t\t<\/a>\n\t\t\t\t\t<\/span>\n\t\t\t\t\n\t\t\t\t\n\t\t\t<\/div>\n\t\t\t\n\t\t<\/div>\n\t\t\t\t\t\t<\/div>\n\t\t\t\t<\/div>\n\t\t\t\t<\/div>\n\t\t<div class=\"elementor-element elementor-element-5ddfdba e-con-full e-flex e-con e-child\" data-id=\"5ddfdba\" data-element_type=\"container\">\n\t\t\t\t<div class=\"elementor-element elementor-element-b80ad42 elementor-view-stacked elementor-shape-circle elementor-position-top elementor-mobile-position-top elementor-widget elementor-widget-icon-box\" data-id=\"b80ad42\" data-element_type=\"widget\" data-widget_type=\"icon-box.default\">\n\t\t\t\t<div class=\"elementor-widget-container\">\n\t\t\t\t\t\t\t<div class=\"elementor-icon-box-wrapper\">\n\n\t\t\t\t\t\t<div class=\"elementor-icon-box-icon\">\n\t\t\t\t<a href=\"https:\/\/www2.umaps.hn\/wp-content\/uploads\/2024\/12\/Acuerdo-de-Desempeo-de-la-UMAPS.pdf\" target=\"_blank\" class=\"elementor-icon elementor-animation-\" tabindex=\"-1\">\n\t\t\t\t<i aria-hidden=\"true\" class=\"far fa-file-pdf\"><\/i>\t\t\t\t<\/a>\n\t\t\t<\/div>\n\t\t\t\n\t\t\t\t\t\t<div class=\"elementor-icon-box-content\">\n\n\t\t\t\t\t\t\t\t\t<span class=\"elementor-icon-box-title\">\n\t\t\t\t\t\t<a href=\"https:\/\/www2.umaps.hn\/wp-content\/uploads\/2024\/12\/Acuerdo-de-Desempeo-de-la-UMAPS.pdf\" target=\"_blank\" >\n\t\t\t\t\t\t\tAcuerdo de Desempe\u00f1o de la UMAPS\t\t\t\t\t\t<\/a>\n\t\t\t\t\t<\/span>\n\t\t\t\t\n\t\t\t\t\n\t\t\t<\/div>\n\t\t\t\n\t\t<\/div>\n\t\t\t\t\t\t<\/div>\n\t\t\t\t<\/div>\n\t\t\t\t<\/div>\n\t\t\t\t\t<\/div>\n\t\t\t\t<\/div>\n\t\t\t\t<\/div>\n\t\t","protected":false},"excerpt":{"rendered":"<p>UNIDAD MINICIPAL DE AGUA POTABLE Y SANEAMIENTO Documentaci\u00f3n Reglamento General de la UMAPS Reglamento de Servicios de la UMAPS Reglamento de Funcionamiento de la UMAPS Pol\u00edtica Igual de Genero de la UMAPS Plan de Acci\u00f3n para Implementaci\u00f3n de la Pol\u00edtica de Genero Acuerdo de Desempe\u00f1o de la UMAPS<\/p>\n","protected":false},"author":1,"featured_media":0,"parent":0,"menu_order":0,"comment_status":"closed","ping_status":"closed","template":"","meta":{"footnotes":""},"class_list":["post-20191","page","type-page","status-publish","hentry"],"_links":{"self":[{"href":"https:\/\/www2.umaps.hn\/index.php?rest_route=\/wp\/v2\/pages\/20191","targetHints":{"allow":["GET"]}}],"collection":[{"href":"https:\/\/www2.umaps.hn\/index.php?rest_route=\/wp\/v2\/pages"}],"about":[{"href":"https:\/\/www2.umaps.hn\/index.php?rest_route=\/wp\/v2\/types\/page"}],"author":[{"embeddable":true,"href":"https:\/\/www2.umaps.hn\/index.php?rest_route=\/wp\/v2\/users\/1"}],"replies":[{"embeddable":true,"href":"https:\/\/www2.umaps.hn\/index.php?rest_route=%2Fwp%2Fv2%2Fcomments&post=20191"}],"version-history":[{"count":14,"href":"https:\/\/www2.umaps.hn\/index.php?rest_route=\/wp\/v2\/pages\/20191\/revisions"}],"predecessor-version":[{"id":20343,"href":"https:\/\/www2.umaps.hn\/index.php?rest_route=\/wp\/v2\/pages\/20191\/revisions\/20343"}],"wp:attachment":[{"href":"https:\/\/www2.umaps.hn\/index.php?rest_route=%2Fwp%2Fv2%2Fmedia&parent=20191"}],"curies":[{"name":"wp","href":"https:\/\/api.w.org\/{rel}","templated":true}]}}